{"id":18740,"date":"2020-07-16T21:50:35","date_gmt":"2020-07-17T00:50:35","guid":{"rendered":"http:\/\/cesearadeluzsjc.org.br\/site2\/?page_id=18740"},"modified":"2020-07-20T19:56:04","modified_gmt":"2020-07-20T22:56:04","slug":"historia","status":"publish","type":"page","link":"http:\/\/cesearadeluzsjc.org.br\/index.php\/historia\/","title":{"rendered":"Nossa Hist\u00f3ria"},"content":{"rendered":"\n<figure class=\"wp-block-pullquote is-style-default\"><blockquote><p>\u00c9 importante para um Centro Esp\u00edrita ter, como hist\u00f3ria, as informa\u00e7\u00f5es sobre o seu in\u00edcio. Entretanto a maior import\u00e2ncia de um n\u00facleo esp\u00edrita acontece ao longo de sua exist\u00eancia quando, atrav\u00e9s dos que nele atuam, o tornam um agente de oportunidade para iluminar incont\u00e1veis almas no caminho do amor e propiciar amparo a todos os que buscam por ajuda e educa\u00e7\u00e3o nos moldes demonstrados pelo Mestre Jesus.<\/p><cite>Centro Esp\u00edrita Seara de Luz<\/cite><\/blockquote><\/figure>\n\n\n\n<div class=\"wp-block-columns is-layout-flex wp-container-core-columns-is-layout-1 wp-block-columns-is-layout-flex\">\n<div class=\"wp-block-column is-layout-flow wp-block-column-is-layout-flow\" style=\"flex-basis:3%\"><\/div>\n\n\n\n<div class=\"wp-block-column is-layout-flow wp-block-column-is-layout-flow\" style=\"flex-basis:100%\">\n<div class=\"wp-block-media-text alignwide is-stacked-on-mobile\" style=\"grid-template-columns:43% auto\"><figure class=\"wp-block-media-text__media\"><img loading=\"lazy\" decoding=\"async\" width=\"326\" height=\"273\" src=\"http:\/\/cesearadeluzsjc.org.br\/site2\/wp-content\/uploads\/2020\/07\/1-Chacara-do-Regio.png\" alt=\"\" class=\"wp-image-18741\" srcset=\"http:\/\/cesearadeluzsjc.org.br\/site2\/wp-content\/uploads\/2020\/07\/1-Chacara-do-Regio.png 326w, http:\/\/cesearadeluzsjc.org.br\/site2\/wp-content\/uploads\/2020\/07\/1-Chacara-do-Regio-300x251.png 300w\" sizes=\"(max-width: 326px) 100vw, 326px\" \/><\/figure><div class=\"wp-block-media-text__content\">\n<p class=\"has-medium-font-size\">A ch\u00e1cara do R\u00e9gio, conhecida no Jardim Paulista, em S\u00e3o Jos\u00e9 dos Campos \u2013 SP, como pertencente aos quatro irm\u00e3os alem\u00e3es da fam\u00edlia Kubitzky (Paulo, Arthur, Elza e Erna), mortos que foram em julho de 1969, acabou ficando sob os cuidados do Governo Estadual como seu respons\u00e1vel, isto por n\u00e3o se localizarem os correspondentes herdeiros.<\/p>\n<\/div><\/div>\n<\/div>\n\n\n\n<div class=\"wp-block-column is-layout-flow wp-block-column-is-layout-flow\"><\/div>\n<\/div>\n\n\n\n<div class=\"wp-block-columns is-layout-flex wp-container-core-columns-is-layout-2 wp-block-columns-is-layout-flex\">\n<div class=\"wp-block-column is-layout-flow wp-block-column-is-layout-flow\" style=\"flex-basis:0%\"><\/div>\n\n\n\n<div class=\"wp-block-column is-layout-flow wp-block-column-is-layout-flow\" style=\"flex-basis:100%\">\n<div class=\"wp-block-media-text alignwide has-media-on-the-right is-stacked-on-mobile is-vertically-aligned-center\" style=\"grid-template-columns:auto 48%\"><figure class=\"wp-block-media-text__media\"><img loading=\"lazy\" decoding=\"async\" width=\"323\" height=\"294\" src=\"http:\/\/cesearadeluzsjc.org.br\/site2\/wp-content\/uploads\/2020\/07\/2-Casa-Sede-OSCL.png\" alt=\"\" class=\"wp-image-18742\" srcset=\"http:\/\/cesearadeluzsjc.org.br\/site2\/wp-content\/uploads\/2020\/07\/2-Casa-Sede-OSCL.png 323w, http:\/\/cesearadeluzsjc.org.br\/site2\/wp-content\/uploads\/2020\/07\/2-Casa-Sede-OSCL-300x273.png 300w\" sizes=\"(max-width: 323px) 100vw, 323px\" \/><\/figure><div class=\"wp-block-media-text__content\">\n<p class=\"has-medium-font-size\">Em outubro de 1970 aconteceu a funda\u00e7\u00e3o da Obra Social C\u00e9lio Lemos, e, com isto, o juiz respons\u00e1vel concedeu autoriza\u00e7\u00e3o para que esta Entidade ocupasse a \u00e1rea e desenvolvesse nela atividades sociais. Registra-se que basicamente, ou em sua maioria, o grupo que idealizou a funda\u00e7\u00e3o da Obra Social C\u00e9lio Lemos era de forma\u00e7\u00e3o esp\u00edrita e, por isto, atribuiu esta caracter\u00edstica \u00e0 Entidade.<\/p>\n<\/div><\/div>\n<\/div>\n\n\n\n<div class=\"wp-block-column is-layout-flow wp-block-column-is-layout-flow\" style=\"flex-basis:1%\"><\/div>\n<\/div>\n\n\n\n<div class=\"wp-block-columns is-layout-flex wp-container-core-columns-is-layout-3 wp-block-columns-is-layout-flex\">\n<div class=\"wp-block-column is-layout-flow wp-block-column-is-layout-flow\" style=\"flex-basis:3%\"><\/div>\n\n\n\n<div class=\"wp-block-column is-layout-flow wp-block-column-is-layout-flow\" style=\"flex-basis:100%\">\n<div class=\"wp-block-media-text alignwide is-stacked-on-mobile\" style=\"grid-template-columns:43% auto\"><figure class=\"wp-block-media-text__media\"><img loading=\"lazy\" decoding=\"async\" width=\"324\" height=\"306\" src=\"http:\/\/cesearadeluzsjc.org.br\/site2\/wp-content\/uploads\/2020\/07\/3-OSCL-2012.png\" alt=\"\" class=\"wp-image-18743\" srcset=\"http:\/\/cesearadeluzsjc.org.br\/site2\/wp-content\/uploads\/2020\/07\/3-OSCL-2012.png 324w, http:\/\/cesearadeluzsjc.org.br\/site2\/wp-content\/uploads\/2020\/07\/3-OSCL-2012-300x283.png 300w\" sizes=\"(max-width: 324px) 100vw, 324px\" \/><\/figure><div class=\"wp-block-media-text__content\">\n<p class=\"has-medium-font-size\">Norteado pelo sentimento esp\u00edrita, que sempre esteve presente, os dirigentes e trabalhadores da Entidade mantiveram o desejo de, t\u00e3o logo fosse poss\u00edvel, criar um grupo que pudesse se ocupar do desejado apoio espiritual \u00e0 Entidade Social Em 27 de outubro de 1981, tendo na presid\u00eancia da Assembl\u00e9ia Geral o colaborador Sebasti\u00e3o Mecatti e na fun\u00e7\u00e3o de secret\u00e1ria a colaboradora Nair Ferreira, fundava-se ent\u00e3o o Centro Esp\u00edrita Seara de Luz, ocupando um espa\u00e7o na pr\u00f3pria \u00e1rea da antiga Ch\u00e1cara do R\u00e9gio.<\/p>\n<\/div><\/div>\n<\/div>\n\n\n\n<div class=\"wp-block-column is-layout-flow wp-block-column-is-layout-flow\"><\/div>\n<\/div>\n\n\n\n<div class=\"wp-block-columns is-layout-flex wp-container-core-columns-is-layout-4 wp-block-columns-is-layout-flex\">\n<div class=\"wp-block-column is-layout-flow wp-block-column-is-layout-flow\" style=\"flex-basis:3%\"><\/div>\n\n\n\n<div class=\"wp-block-column is-layout-flow wp-block-column-is-layout-flow\" style=\"flex-basis:100%\">\n<div class=\"wp-block-media-text alignwide has-media-on-the-right is-stacked-on-mobile\" style=\"grid-template-columns:auto 38%\"><figure class=\"wp-block-media-text__media\"><img loading=\"lazy\" decoding=\"async\" width=\"334\" height=\"278\" src=\"http:\/\/cesearadeluzsjc.org.br\/site2\/wp-content\/uploads\/2020\/07\/4-Salao-Obra.png\" alt=\"\" class=\"wp-image-18744\" srcset=\"http:\/\/cesearadeluzsjc.org.br\/site2\/wp-content\/uploads\/2020\/07\/4-Salao-Obra.png 334w, http:\/\/cesearadeluzsjc.org.br\/site2\/wp-content\/uploads\/2020\/07\/4-Salao-Obra-300x250.png 300w\" sizes=\"(max-width: 334px) 100vw, 334px\" \/><\/figure><div class=\"wp-block-media-text__content\">\n<p class=\"has-medium-font-size\">Este in\u00edcio teve uma conota\u00e7\u00e3o especial, pois diferenciou dos mais comuns motivos que d\u00e3o origem aos in\u00edcios dos Centros Esp\u00edritas, que s\u00e3o por oportunidade de oferta ou facilidade de acesso aos esp\u00edritas de um n\u00facleo populacional ou por raz\u00f5es de incompatibilidades de dirigentes. O sentimento inicial amadureceu e o novo Centro Esp\u00edrita acabou recebendo uma estrutura de cria\u00e7\u00e3o para que tivesse a sua vida pr\u00f3pria. Constituiu-se com elabora\u00e7\u00e3o de Estatuto Social, ades\u00e3o de associados, escolha de diretoria para a sua dire\u00e7\u00e3o, atua\u00e7\u00f5es sociais e assumiu as condi\u00e7\u00f5es de uma Entidade juridicamente reconhecida.<\/p>\n<\/div><\/div>\n<\/div>\n\n\n\n<div class=\"wp-block-column is-layout-flow wp-block-column-is-layout-flow\"><\/div>\n<\/div>\n\n\n\n<div class=\"wp-block-columns is-layout-flex wp-container-core-columns-is-layout-5 wp-block-columns-is-layout-flex\">\n<div class=\"wp-block-column is-layout-flow wp-block-column-is-layout-flow\" style=\"flex-basis:3%\"><\/div>\n\n\n\n<div class=\"wp-block-column is-layout-flow wp-block-column-is-layout-flow\" style=\"flex-basis:100%\">\n<div class=\"wp-block-media-text alignwide is-stacked-on-mobile\" style=\"grid-template-columns:38% auto\"><figure class=\"wp-block-media-text__media\"><img loading=\"lazy\" decoding=\"async\" width=\"342\" height=\"293\" src=\"http:\/\/cesearadeluzsjc.org.br\/site2\/wp-content\/uploads\/2020\/07\/5-Otavia-e-Geraldo.png\" alt=\"\" class=\"wp-image-18745\" srcset=\"http:\/\/cesearadeluzsjc.org.br\/site2\/wp-content\/uploads\/2020\/07\/5-Otavia-e-Geraldo.png 342w, http:\/\/cesearadeluzsjc.org.br\/site2\/wp-content\/uploads\/2020\/07\/5-Otavia-e-Geraldo-300x257.png 300w\" sizes=\"(max-width: 342px) 100vw, 342px\" \/><\/figure><div class=\"wp-block-media-text__content\">\n<p class=\"has-medium-font-size\">Constatamos que os seus fundadores s\u00e3o praticamente procedentes da composi\u00e7\u00e3o dos diretores e trabalhadores da Obra Social C\u00e9lio Lemos e\/ou outros que colaboravam tanto na Obra Social como com o Centro Esp\u00edrita Divino Mestre. Na ent\u00e3o resid\u00eancia sede da ch\u00e1cara iniciou-se as primeiras reuni\u00f5es do Evangelho Segundo o Espiritismo, tendo \u00e0 frente do grupo o casal Geraldo e Ot\u00e1via God\u00f3i, uma vez que eles, juntamente com a fam\u00edlia, desde 12 de mar\u00e7o de 1972, j\u00e1 estavam residindo no local e iniciada uma trajet\u00f3ria de lutas e conquistas.<\/p>\n<\/div><\/div>\n<\/div>\n\n\n\n<div class=\"wp-block-column is-layout-flow wp-block-column-is-layout-flow\"><\/div>\n<\/div>\n\n\n\n<div class=\"wp-block-columns is-layout-flex wp-container-core-columns-is-layout-6 wp-block-columns-is-layout-flex\">\n<div class=\"wp-block-column is-layout-flow wp-block-column-is-layout-flow\" style=\"flex-basis:3%\"><\/div>\n\n\n\n<div class=\"wp-block-column is-layout-flow wp-block-column-is-layout-flow\" style=\"flex-basis:100%\">\n<div class=\"wp-block-media-text alignwide has-media-on-the-right is-stacked-on-mobile\" style=\"grid-template-columns:auto 36%\"><figure class=\"wp-block-media-text__media\"><img loading=\"lazy\" decoding=\"async\" width=\"377\" height=\"294\" src=\"http:\/\/cesearadeluzsjc.org.br\/site2\/wp-content\/uploads\/2020\/07\/6-Primeira-Diretoria.png\" alt=\"\" class=\"wp-image-18746\" srcset=\"http:\/\/cesearadeluzsjc.org.br\/site2\/wp-content\/uploads\/2020\/07\/6-Primeira-Diretoria.png 377w, http:\/\/cesearadeluzsjc.org.br\/site2\/wp-content\/uploads\/2020\/07\/6-Primeira-Diretoria-300x234.png 300w\" sizes=\"(max-width: 377px) 100vw, 377px\" \/><\/figure><div class=\"wp-block-media-text__content\">\n<p class=\"has-medium-font-size\">O nome de Centro Esp\u00edrita Seara de Luz foi sugerido pela colaboradora Nair Ferreira e teve a sua primeira diretoria composta com as seguintes pessoas: Geraldo Tomas God\u00f3i (presidente), J\u00e9sus de Oliveira Rocha (vice-presidente), Nair Ferreira (primeira secret\u00e1ria), Geraldo Pires de Abreu (segundo secret\u00e1rio), Ed\u00e9lcio Ribeiro Moreno (primeiro tesoureiro), Jos\u00e9 Expedito Fiebig (segundo tesoureiro) e Ana Maria Sebbe Mecatti (diretora de doutrina). O Conselho Fiscal ficou constitu\u00eddo pelos colaboradores: Sebasti\u00e3o Celso Mecatti, Joel Faria e Elza Charameda Faria.<\/p>\n<\/div><\/div>\n\n\n\n<p><\/p>\n<\/div>\n\n\n\n<div class=\"wp-block-column is-layout-flow wp-block-column-is-layout-flow\"><\/div>\n<\/div>\n\n\n\n<div class=\"wp-block-columns is-layout-flex wp-container-core-columns-is-layout-7 wp-block-columns-is-layout-flex\">\n<div class=\"wp-block-column is-layout-flow wp-block-column-is-layout-flow\" style=\"flex-basis:3%\"><\/div>\n\n\n\n<div class=\"wp-block-column is-layout-flow wp-block-column-is-layout-flow\" style=\"flex-basis:100%\">\n<div class=\"wp-block-media-text alignwide is-stacked-on-mobile\" style=\"grid-template-columns:39% auto\"><figure class=\"wp-block-media-text__media\"><img loading=\"lazy\" decoding=\"async\" width=\"377\" height=\"255\" src=\"http:\/\/cesearadeluzsjc.org.br\/site2\/wp-content\/uploads\/2020\/07\/7-Fundadores.png\" alt=\"\" class=\"wp-image-18747\" srcset=\"http:\/\/cesearadeluzsjc.org.br\/site2\/wp-content\/uploads\/2020\/07\/7-Fundadores.png 377w, http:\/\/cesearadeluzsjc.org.br\/site2\/wp-content\/uploads\/2020\/07\/7-Fundadores-300x203.png 300w\" sizes=\"(max-width: 377px) 100vw, 377px\" \/><\/figure><div class=\"wp-block-media-text__content\">\n<p class=\"has-medium-font-size\">Al\u00e9m dos componentes da diretoria eleita estavam presentes na Assembl\u00e9ia de Funda\u00e7\u00e3o mais os seguintes s\u00f3cios fundadores: Ot\u00e1via Tosine God\u00f3i, Eug\u00eania Tosini, Ana Maria Almeida de Abreu e Dilce Teixeira de Moura. Acrescentamos ao grupo dos pioneiros, por for\u00e7a do incentivo e dedicada contribui\u00e7\u00e3o, mas que n\u00e3o estava na Assembl\u00e9ia de Funda\u00e7\u00e3o, o casal Ivo e Wailda Prates e mais as colaboradoras Raimunda Fiebig e Marina Fiebig.<\/p>\n<\/div><\/div>\n<\/div>\n\n\n\n<div class=\"wp-block-column is-layout-flow wp-block-column-is-layout-flow\"><\/div>\n<\/div>\n\n\n\n<div class=\"wp-block-columns is-layout-flex wp-container-core-columns-is-layout-8 wp-block-columns-is-layout-flex\">\n<div class=\"wp-block-column is-layout-flow wp-block-column-is-layout-flow\" style=\"flex-basis:3%\"><\/div>\n\n\n\n<div class=\"wp-block-column is-layout-flow wp-block-column-is-layout-flow\" style=\"flex-basis:100%\">\n<div class=\"wp-block-media-text alignwide has-media-on-the-right is-stacked-on-mobile\" style=\"grid-template-columns:auto 35%\"><figure class=\"wp-block-media-text__media\"><img loading=\"lazy\" decoding=\"async\" width=\"378\" height=\"280\" src=\"http:\/\/cesearadeluzsjc.org.br\/site2\/wp-content\/uploads\/2020\/07\/8-Instala\u00e7\u00f5es-atuais.png\" alt=\"\" class=\"wp-image-18748\" srcset=\"http:\/\/cesearadeluzsjc.org.br\/site2\/wp-content\/uploads\/2020\/07\/8-Instala\u00e7\u00f5es-atuais.png 378w, http:\/\/cesearadeluzsjc.org.br\/site2\/wp-content\/uploads\/2020\/07\/8-Instala\u00e7\u00f5es-atuais-300x222.png 300w\" sizes=\"(max-width: 378px) 100vw, 378px\" \/><\/figure><div class=\"wp-block-media-text__content\">\n<p class=\"has-medium-font-size\">A comunidade do Centro Esp\u00edrita Seara de Luz com o caminho aberto para as suas realiza\u00e7\u00f5es, desde a sua funda\u00e7\u00e3o, na medida em que colaboradores dedicados se juntam a seu favor, investe em trabalhos administrativos, doutrin\u00e1rios e sociais, na busca perseverante de incrementar e aplicar a cada passo de sua trajet\u00f3ria, com base nas orienta\u00e7\u00f5es dos Esp\u00edritos transmitidas a Allan Kardec, os ensinamentos que visam dar ao ser humano estrutura de fundamento moral e espiritual. Que os bons Esp\u00edritos, Jesus e Deus sejam permanentes no amparo destes prop\u00f3sitos. Set\/2016<\/p>\n<\/div><\/div>\n<\/div>\n\n\n\n<div class=\"wp-block-column is-layout-flow wp-block-column-is-layout-flow\"><\/div>\n<\/div>\n\n\n\n<hr class=\"wp-block-separator\"\/>\n\n\n\n<p class=\"has-normal-font-size\">Nota: O hist\u00f3rico demonstra que o CESEL foi criado para dar apoio espiritual \u00e0 OSCL, ao que sempre foi fiel a este objetivo, mas deu-se, na sua cria\u00e7\u00e3o, uma liberdade para se tornar independente, n\u00e3o tendo administrativamente e juridicamente nenhum v\u00ednculo \u00e0 OSCL. Suas realiza\u00e7\u00f5es f\u00edsicas aconteceram gra\u00e7as aos esfor\u00e7os administrativos de sua diretoria e controle do que tem sido, legalmente, angariado e controlado. Existe, sim, uma gratid\u00e3o pela concess\u00e3o da OSCL em ceder o espa\u00e7o f\u00edsico \u2013 ato este repetido a outros grupos que atuam no espa\u00e7o da Obra Social C\u00e9lio Lemos &#8211; OSCL.<\/p>\n\n\n\n<hr class=\"wp-block-separator\"\/>\n","protected":false},"excerpt":{"rendered":"<p>\u00c9 importante para um Centro Esp\u00edrita ter, como hist\u00f3ria, as informa\u00e7\u00f5es sobre o seu in\u00edcio. Entretanto a maior import\u00e2ncia de um n\u00facleo esp\u00edrita acontece ao longo de sua exist\u00eancia quando, atrav\u00e9s dos que nele atuam, o tornam um agente de oportunidade para iluminar incont\u00e1veis almas no caminho do amor e propiciar amparo a todos os que buscam por ajuda e &#8230; <a title=\"Nossa Hist\u00f3ria\" class=\"read-more\" href=\"http:\/\/cesearadeluzsjc.org.br\/index.php\/historia\/\" aria-label=\"Read more about Nossa Hist\u00f3ria\">Read More<\/a><\/p>\n","protected":false},"author":1,"featured_media":0,"parent":0,"menu_order":0,"comment_status":"closed","ping_status":"closed","template":"","meta":{"footnotes":""},"_links":{"self":[{"href":"http:\/\/cesearadeluzsjc.org.br\/index.php\/wp-json\/wp\/v2\/pages\/18740"}],"collection":[{"href":"http:\/\/cesearadeluzsjc.org.br\/index.php\/wp-json\/wp\/v2\/pages"}],"about":[{"href":"http:\/\/cesearadeluzsjc.org.br\/index.php\/wp-json\/wp\/v2\/types\/page"}],"author":[{"embeddable":true,"href":"http:\/\/cesearadeluzsjc.org.br\/index.php\/wp-json\/wp\/v2\/users\/1"}],"replies":[{"embeddable":true,"href":"http:\/\/cesearadeluzsjc.org.br\/index.php\/wp-json\/wp\/v2\/comments?post=18740"}],"version-history":[{"count":40,"href":"http:\/\/cesearadeluzsjc.org.br\/index.php\/wp-json\/wp\/v2\/pages\/18740\/revisions"}],"predecessor-version":[{"id":18793,"href":"http:\/\/cesearadeluzsjc.org.br\/index.php\/wp-json\/wp\/v2\/pages\/18740\/revisions\/18793"}],"wp:attachment":[{"href":"http:\/\/cesearadeluzsjc.org.br\/index.php\/wp-json\/wp\/v2\/media?parent=18740"}],"curies":[{"name":"wp","href":"https:\/\/api.w.org\/{rel}","templated":true}]}}