{"id":18609,"date":"2020-06-14T21:54:07","date_gmt":"2020-06-15T00:54:07","guid":{"rendered":"http:\/\/cesearadeluzsjc.org.br\/site2\/?page_id=18609"},"modified":"2020-06-14T21:57:52","modified_gmt":"2020-06-15T00:57:52","slug":"termo-de-compromisso","status":"publish","type":"page","link":"http:\/\/cesearadeluzsjc.org.br\/index.php\/termo-de-compromisso\/","title":{"rendered":"Termo de Compromisso"},"content":{"rendered":"\n<p><strong><em>Adeso \u00e0 USE-SP \u2013 representante do movimento esp\u00edrita do estado no CFN da FEB<\/em><\/strong><\/p>\n\n\n\n<p>Nossos Princ\u00edpios<\/p>\n\n\n\n<ul><li><strong>F\u00e9<\/strong>: Crer em Deus como intelig\u00eancia suprema, causa primeira de todas as coisas<\/li><li><strong>Modelo<\/strong>: Ter Jesus como modelo m\u00e1ximo a seguir<\/li><li><strong>Objetivo<\/strong>: Seguir o Evangelho de Jesus \u00e0 luz da Doutrina Esp\u00edrita, preservado em toda a sua pureza e aplica\u00e7\u00e3o da Doutrina no seu tr\u00edplice aspecto: Filos\u00f3fico, Cient\u00edfico e Religioso<\/li><li><strong>Finalidade do Espiritismo<\/strong>: Transforma\u00e7\u00e3o moral do homem estimulando-o a conhecer e a obedecer as leis naturais<\/li><li><strong>Objetivo do Centro Esp\u00edrita:<\/strong>&nbsp;Facilitar a transforma\u00e7\u00e3o moral do homem<\/li><li><strong>Conviv\u00eancia:<\/strong>&nbsp;Ningu\u00e9m que compartilha o mesmo ambiente e trabalha pela mesma causa, deve ficar isento de afeto, motiva\u00e7\u00e3o e alegria fraterna, pois tudo isso \u00e9 imprescind\u00edvel \u00e0 realiza\u00e7\u00e3o de um bom trabalho<\/li><\/ul>\n","protected":false},"excerpt":{"rendered":"<p>Adeso \u00e0 USE-SP \u2013 representante do movimento esp\u00edrita do estado no CFN da FEB Nossos Princ\u00edpios F\u00e9: Crer em Deus como intelig\u00eancia suprema, causa primeira de todas as coisas Modelo: Ter Jesus como modelo m\u00e1ximo a seguir Objetivo: Seguir o Evangelho de Jesus \u00e0 luz da Doutrina Esp\u00edrita, preservado em toda a sua pureza e aplica\u00e7\u00e3o da Doutrina no seu &#8230; <a title=\"Termo de Compromisso\" class=\"read-more\" href=\"http:\/\/cesearadeluzsjc.org.br\/index.php\/termo-de-compromisso\/\" aria-label=\"Read more about Termo de Compromisso\">Read More<\/a><\/p>\n","protected":false},"author":1,"featured_media":0,"parent":0,"menu_order":0,"comment_status":"closed","ping_status":"closed","template":"","meta":{"footnotes":""},"_links":{"self":[{"href":"http:\/\/cesearadeluzsjc.org.br\/index.php\/wp-json\/wp\/v2\/pages\/18609"}],"collection":[{"href":"http:\/\/cesearadeluzsjc.org.br\/index.php\/wp-json\/wp\/v2\/pages"}],"about":[{"href":"http:\/\/cesearadeluzsjc.org.br\/index.php\/wp-json\/wp\/v2\/types\/page"}],"author":[{"embeddable":true,"href":"http:\/\/cesearadeluzsjc.org.br\/index.php\/wp-json\/wp\/v2\/users\/1"}],"replies":[{"embeddable":true,"href":"http:\/\/cesearadeluzsjc.org.br\/index.php\/wp-json\/wp\/v2\/comments?post=18609"}],"version-history":[{"count":2,"href":"http:\/\/cesearadeluzsjc.org.br\/index.php\/wp-json\/wp\/v2\/pages\/18609\/revisions"}],"predecessor-version":[{"id":18613,"href":"http:\/\/cesearadeluzsjc.org.br\/index.php\/wp-json\/wp\/v2\/pages\/18609\/revisions\/18613"}],"wp:attachment":[{"href":"http:\/\/cesearadeluzsjc.org.br\/index.php\/wp-json\/wp\/v2\/media?parent=18609"}],"curies":[{"name":"wp","href":"https:\/\/api.w.org\/{rel}","templated":true}]}}